{"id":12601,"date":"2026-04-07T12:55:07","date_gmt":"2026-04-07T12:55:07","guid":{"rendered":"https:\/\/innoconstruct.ro\/?page_id=12601"},"modified":"2026-04-15T08:01:18","modified_gmt":"2026-04-15T08:01:18","slug":"agenda","status":"publish","type":"page","link":"https:\/\/innoconstruct.ro\/en\/agenda\/","title":{"rendered":"Agenda"},"content":{"rendered":"<div data-elementor-type=\"wp-page\" data-elementor-id=\"12601\" class=\"elementor elementor-12601\" data-elementor-post-type=\"page\">\n\t\t\t\t<div class=\"elementor-element elementor-element-dc32c94 e-grid e-con-boxed e-con e-parent\" data-id=\"dc32c94\" data-element_type=\"container\" data-e-type=\"container\">\n\t\t\t\t\t<div class=\"e-con-inner\">\n\t\t\t\t<div class=\"elementor-element elementor-element-800eb48 elementor-widget elementor-widget-ld_banner\" data-id=\"800eb48\" data-element_type=\"widget\" data-e-type=\"widget\" data-widget_type=\"ld_banner.default\">\n\t\t\t\t<div class=\"elementor-widget-container\">\n\t\t\t\t\t\n\t\t<div class=\"lqd-bnnr-1 d-flex flex-column overflow-hidden border-radius-10\">\n\t\t\t<div class=\"lqd-bnnr-left d-flex align-items-center pos-rel z-index-2\">\n\t\t\t\t<div class=\"lqd-bnnr-in\">\n\t\t\t\t\t\t\t\t\t\t\t<h3 class=\"mt-0 mb-5\">BREAKING WALLS<\/h3>\n\t\t\t\t\t\t\t\t\t\t\t\t\t\t<\/div>\n\t\t\t<\/div>\n\t\t\t<div class=\"lqd-bnnr-right\">\n\t\t\t\t<div class=\"lqd-bnnr-in\">\n\t\t\t\t\t<figure>\n\t\t\t\t\t\t<img fetchpriority=\"high\" decoding=\"async\" width=\"1600\" height=\"900\" src=\"data:image\/svg+xml;charset=utf-8,%3Csvg xmlns%3D&#039;http%3A%2F%2Fwww.w3.org%2F2000%2Fsvg&#039; viewBox%3D&#039;0 0 1600 900&#039;%2F%3E\" class=\"attachment-full size-full ld-lazyload\" alt=\"\" itemprop=\"image\" data-src=\"https:\/\/innoconstruct.ro\/wp-content\/uploads\/2026\/03\/Innoconstruct-breaing-walls-3.png\" data-srcset=\"https:\/\/innoconstruct.ro\/wp-content\/uploads\/2026\/03\/Innoconstruct-breaing-walls-3.png 1600w, https:\/\/innoconstruct.ro\/wp-content\/uploads\/2026\/03\/Innoconstruct-breaing-walls-3-300x169.png 300w, https:\/\/innoconstruct.ro\/wp-content\/uploads\/2026\/03\/Innoconstruct-breaing-walls-3-1024x576.png 1024w, https:\/\/innoconstruct.ro\/wp-content\/uploads\/2026\/03\/Innoconstruct-breaing-walls-3-18x10.png 18w, https:\/\/innoconstruct.ro\/wp-content\/uploads\/2026\/03\/Innoconstruct-breaing-walls-3-1536x864.png 1536w, https:\/\/innoconstruct.ro\/wp-content\/uploads\/2026\/03\/Innoconstruct-breaing-walls-3-600x338.png 600w\" data-sizes=\"(max-width: 1600px) 100vw, 1600px\" data-aspect=\"1.7777777777778\" \/>\t\t\t\t\t<\/figure>\n\t\t\t\t<\/div>\n\t\t\t<\/div>\n\t\t<\/div>\n\t\t\t\t\t\t<\/div>\n\t\t\t\t<\/div>\n\t\t\t\t\t<\/div>\n\t\t\t\t<\/div>\n\t\t<div class=\"elementor-element elementor-element-9cef6ef e-grid e-con-boxed e-con e-parent\" data-id=\"9cef6ef\" data-element_type=\"container\" data-e-type=\"container\">\n\t\t\t\t\t<div class=\"e-con-inner\">\n\t\t\t\t<div class=\"elementor-element elementor-element-45a3069 elementor-widget elementor-widget-elementskit-heading\" data-id=\"45a3069\" data-element_type=\"widget\" data-e-type=\"widget\" data-widget_type=\"elementskit-heading.default\">\n\t\t\t\t<div class=\"elementor-widget-container\">\n\t\t\t\t\t<div class=\"ekit-wid-con\" ><div class=\"ekit-heading elementskit-section-title-wraper text_left   ekit_heading_tablet-   ekit_heading_mobile-\"><div class=\"ekit_heading_separetor_wraper ekit_heading_elementskit-border-divider ekit-dotted\"><div class=\"elementskit-border-divider ekit-dotted\"><\/div><\/div><h3 class=\"ekit-heading--subtitle elementskit-section-subtitle\">\n\t\t\t\t\t\tConferin\u021ba interna\u021bional\u0103 despre inovarea \u00een construc\u021bii\n\t\t\t\t\t<\/h3><\/div><\/div>\t\t\t\t<\/div>\n\t\t\t\t<\/div>\n\t\t\t\t\t<\/div>\n\t\t\t\t<\/div>\n\t\t<div class=\"elementor-element elementor-element-385ac48 e-grid e-con-boxed e-con e-parent\" data-id=\"385ac48\" data-element_type=\"container\" data-e-type=\"container\">\n\t\t\t\t\t<div class=\"e-con-inner\">\n\t\t\t\t<div class=\"elementor-element elementor-element-37dd697 elementor-widget elementor-widget-hub_fancy_heading\" data-id=\"37dd697\" data-element_type=\"widget\" data-e-type=\"widget\" data-widget_type=\"hub_fancy_heading.default\">\n\t\t\t\t<div class=\"elementor-widget-container\">\n\t\t\t\t\t\n\t\t<div id=\"ld-fancy-heading-69e763bbb2379\" class=\"ld-fancy-heading pos-rel\">\n\t\t\t<h2 class=\"ld-fh-element d-inline-block pos-rel  elementor-heading-title lqd-highlight-classic lqd-highlight-grow-left h2\"  > Panel 1 | 10.00-11.00 | Collaboration &amp; Innovation Ecosystems<\/h2>\t\t<\/div>\n\n\t\t\t\t\t\t<\/div>\n\t\t\t\t<\/div>\n\t\t\t\t\t<\/div>\n\t\t\t\t<\/div>\n\t\t<div class=\"elementor-element elementor-element-5af1208 e-grid e-con-boxed e-con e-parent\" data-id=\"5af1208\" data-element_type=\"container\" data-e-type=\"container\" data-settings=\"{&quot;background_background&quot;:&quot;classic&quot;}\">\n\t\t\t\t\t<div class=\"e-con-inner\">\n\t\t<div class=\"elementor-element elementor-element-faa9ea9 e-con-full e-flex e-con e-child\" data-id=\"faa9ea9\" data-element_type=\"container\" data-e-type=\"container\">\n\t\t\t\t<div class=\"elementor-element elementor-element-30f2939 elementor-widget elementor-widget-elementskit-flip-box\" data-id=\"30f2939\" data-element_type=\"widget\" data-e-type=\"widget\" data-widget_type=\"elementskit-flip-box.default\">\n\t\t\t\t<div class=\"elementor-widget-container\">\n\t\t\t\t\t<div class=\"ekit-wid-con\" >        <div class=\"ekit-flip-box transform_style left_to_right\">\n            <div class=\"ekit-flip-box-inner\">\n                <div class=\"ekit-flip-box-front\">\n                    <div class=\"ekit-flip-box-inner-wrap\">\n                                                    <div class=\"ekit-flip-box-top-image\"> \n                                <img decoding=\"async\" width=\"1080\" height=\"1081\" src=\"https:\/\/innoconstruct.ro\/wp-content\/uploads\/2026\/04\/Artboard-1-copy.png\" class=\"attachment-full size-full wp-image-12745\" alt=\"\" srcset=\"https:\/\/innoconstruct.ro\/wp-content\/uploads\/2026\/04\/Artboard-1-copy.png 1080w, https:\/\/innoconstruct.ro\/wp-content\/uploads\/2026\/04\/Artboard-1-copy-300x300.png 300w, https:\/\/innoconstruct.ro\/wp-content\/uploads\/2026\/04\/Artboard-1-copy-1024x1024.png 1024w, https:\/\/innoconstruct.ro\/wp-content\/uploads\/2026\/04\/Artboard-1-copy-150x150.png 150w, https:\/\/innoconstruct.ro\/wp-content\/uploads\/2026\/04\/Artboard-1-copy-12x12.png 12w, https:\/\/innoconstruct.ro\/wp-content\/uploads\/2026\/04\/Artboard-1-copy-320x320.png 320w, https:\/\/innoconstruct.ro\/wp-content\/uploads\/2026\/04\/Artboard-1-copy-760x760.png 760w, https:\/\/innoconstruct.ro\/wp-content\/uploads\/2026\/04\/Artboard-1-copy-600x601.png 600w, https:\/\/innoconstruct.ro\/wp-content\/uploads\/2026\/04\/Artboard-1-copy-100x100.png 100w\" sizes=\"(max-width: 1080px) 100vw, 1080px\" \/>                            <\/div>\n                                                    <h4 class=\"ekit-flip-box-front-title\">Cseke Attila<\/h4>                                                    <h5 class=\"ekit-flip-box-front-sub-title\"> Ministru MDLPA<\/h5>\n                                            <\/div>\n                <\/div>\n                <div class=\"ekit-flip-box-back\">\n                    <div class=\"ekit-flip-box-inner-wrap wrap-back\">\n                        <div class=\"ekit-flip-box-back-wrap\">\n                                                            <h4 class=\"ekit-flip-box-back-title\">Cseke Attila<\/h4>                                                            <p class=\"ekit-flip-box-back-description\">Cseke Attila este un politician rom\u00e2n cu experien\u021b\u0103 \u00een administra\u021bia public\u0103 central\u0103, ocup\u00e2nd func\u021bia de ministru al dezvolt\u0103rii. Este recunoscut pentru implicarea \u00een proiecte de infrastructur\u0103 \u0219i politici publice orientate spre dezvoltarea comunit\u0103\u021bilor locale \u0219i modernizarea administra\u021biei.<\/p>\n                                                    <\/div>\n                    <\/div>\n                <\/div>\n            <\/div>\n        <\/div>\n        <\/div>\t\t\t\t<\/div>\n\t\t\t\t<\/div>\n\t\t\t\t<\/div>\n\t\t<div class=\"elementor-element elementor-element-6445671 e-con-full e-flex e-con e-child\" data-id=\"6445671\" data-element_type=\"container\" data-e-type=\"container\">\n\t\t\t\t<div class=\"elementor-element elementor-element-f011e60 elementor-widget elementor-widget-elementskit-flip-box\" data-id=\"f011e60\" data-element_type=\"widget\" data-e-type=\"widget\" data-widget_type=\"elementskit-flip-box.default\">\n\t\t\t\t<div class=\"elementor-widget-container\">\n\t\t\t\t\t<div class=\"ekit-wid-con\" >        <div class=\"ekit-flip-box transform_style left_to_right\">\n            <div class=\"ekit-flip-box-inner\">\n                <div class=\"ekit-flip-box-front\">\n                    <div class=\"ekit-flip-box-inner-wrap\">\n                                                    <div class=\"ekit-flip-box-top-image\"> \n                                <img decoding=\"async\" width=\"1200\" height=\"180\" src=\"data:image\/svg+xml;charset=utf-8,%3Csvg xmlns%3D&#039;http%3A%2F%2Fwww.w3.org%2F2000%2Fsvg&#039; viewBox%3D&#039;0 0 1200 180&#039;%2F%3E\" class=\"attachment-full size-full wp-image-12451 ld-lazyload\" alt=\"\" \/>                            <\/div>\n                                                    <h4 class=\"ekit-flip-box-front-title\">Manuela P\u0103tr\u0103\u0219coiu<\/h4>                                                    <h5 class=\"ekit-flip-box-front-sub-title\">CNI<\/h5>\n                                            <\/div>\n                <\/div>\n                <div class=\"ekit-flip-box-back\">\n                    <div class=\"ekit-flip-box-inner-wrap wrap-back\">\n                        <div class=\"ekit-flip-box-back-wrap\">\n                                                            <h4 class=\"ekit-flip-box-back-title\">Cseke Attila<\/h4>                                                            <p class=\"ekit-flip-box-back-description\">Cseke Attila este un politician rom\u00e2n cu experien\u021b\u0103 \u00een administra\u021bia public\u0103 central\u0103, ocup\u00e2nd func\u021bia de ministru al dezvolt\u0103rii. Este recunoscut pentru implicarea \u00een proiecte de infrastructur\u0103 \u0219i politici publice orientate spre dezvoltarea comunit\u0103\u021bilor locale \u0219i modernizarea administra\u021biei.<\/p>\n                                                            <a href=\"https:\/\/wpmet.com\/\" class=\"ekit-flip-box-back-button\">\n                                    Read More                                <\/a>\n                                                    <\/div>\n                    <\/div>\n                <\/div>\n            <\/div>\n        <\/div>\n        <\/div>\t\t\t\t<\/div>\n\t\t\t\t<\/div>\n\t\t\t\t<\/div>\n\t\t<div class=\"elementor-element elementor-element-67e323a e-con-full e-flex e-con e-child\" data-id=\"67e323a\" data-element_type=\"container\" data-e-type=\"container\">\n\t\t\t\t<div class=\"elementor-element elementor-element-7280b44 elementor-widget elementor-widget-elementskit-flip-box\" data-id=\"7280b44\" data-element_type=\"widget\" data-e-type=\"widget\" data-widget_type=\"elementskit-flip-box.default\">\n\t\t\t\t<div class=\"elementor-widget-container\">\n\t\t\t\t\t<div class=\"ekit-wid-con\" >        <div class=\"ekit-flip-box transform_style left_to_right\">\n            <div class=\"ekit-flip-box-inner\">\n                <div class=\"ekit-flip-box-front\">\n                    <div class=\"ekit-flip-box-inner-wrap\">\n                                                    <div class=\"ekit-flip-box-top-image\"> \n                                <img decoding=\"async\" src=\"https:\/\/innoconstruct.ro\/wp-content\/uploads\/2026\/04\/Artboard-1-copy-2.png\" title=\"Artboard 1 copy 2\" alt=\"Artboard 1 copy 2\" loading=\"lazy\" \/>                            <\/div>\n                                                    <h4 class=\"ekit-flip-box-front-title\">Ciprian Ciucu<\/h4>                                                    <h5 class=\"ekit-flip-box-front-sub-title\">Primar Bucure\u0219ti<\/h5>\n                                            <\/div>\n                <\/div>\n                <div class=\"ekit-flip-box-back\">\n                    <div class=\"ekit-flip-box-inner-wrap wrap-back\">\n                        <div class=\"ekit-flip-box-back-wrap\">\n                                                            <h4 class=\"ekit-flip-box-back-title\">Ciprian Ciucu<\/h4>                                                            <p class=\"ekit-flip-box-back-description\">t is a long established fact that a reader will be distracted by the readable content of a page when looking at its layout. The point of using Lorem Ipsum is that it has a more-or-less normal distribution of letters, as opposed to using 'Content here, content here', making it look like readable English. Many desktop publishing packages and web page editors now use <\/p>\n                                                    <\/div>\n                    <\/div>\n                <\/div>\n            <\/div>\n        <\/div>\n        <\/div>\t\t\t\t<\/div>\n\t\t\t\t<\/div>\n\t\t\t\t<\/div>\n\t\t<div class=\"elementor-element elementor-element-5301150 e-con-full e-flex e-con e-child\" data-id=\"5301150\" data-element_type=\"container\" data-e-type=\"container\">\n\t\t\t\t<div class=\"elementor-element elementor-element-1b5a116 elementor-widget elementor-widget-elementskit-flip-box\" data-id=\"1b5a116\" data-element_type=\"widget\" data-e-type=\"widget\" data-widget_type=\"elementskit-flip-box.default\">\n\t\t\t\t<div class=\"elementor-widget-container\">\n\t\t\t\t\t<div class=\"ekit-wid-con\" >        <div class=\"ekit-flip-box transform_style left_to_right\">\n            <div class=\"ekit-flip-box-inner\">\n                <div class=\"ekit-flip-box-front\">\n                    <div class=\"ekit-flip-box-inner-wrap\">\n                                                    <div class=\"ekit-flip-box-top-image\"> \n                                <img loading=\"lazy\" decoding=\"async\" width=\"300\" height=\"45\" src=\"data:image\/svg+xml;charset=utf-8,%3Csvg xmlns%3D&#039;http%3A%2F%2Fwww.w3.org%2F2000%2Fsvg&#039; viewBox%3D&#039;0 0 300 45&#039;%2F%3E\" class=\"attachment-medium size-medium wp-image-12451 ld-lazyload\" alt=\"\" \/>                            <\/div>\n                                                    <h4 class=\"ekit-flip-box-front-title\">Alex Fulga<\/h4>                                                    <h5 class=\"ekit-flip-box-front-sub-title\">PPC<\/h5>\n                                            <\/div>\n                <\/div>\n                <div class=\"ekit-flip-box-back\">\n                    <div class=\"ekit-flip-box-inner-wrap wrap-back\">\n                        <div class=\"ekit-flip-box-back-wrap\">\n                                                            <h4 class=\"ekit-flip-box-back-title\">Alex Fulga<\/h4>                                                            <p class=\"ekit-flip-box-back-description\">t is a long established fact that a reader will be distracted by the readable content of a page when looking at its layout. The point of using Lorem Ipsum is that it has a more-or-less normal distribution of letters, as opposed to using 'Content here, content here', making it look like readable English. Many desktop publishing packages and web page editors now use <\/p>\n                                                    <\/div>\n                    <\/div>\n                <\/div>\n            <\/div>\n        <\/div>\n        <\/div>\t\t\t\t<\/div>\n\t\t\t\t<\/div>\n\t\t\t\t<\/div>\n\t\t<div class=\"elementor-element elementor-element-5652fca e-con-full e-flex e-con e-child\" data-id=\"5652fca\" data-element_type=\"container\" data-e-type=\"container\">\n\t\t\t\t<div class=\"elementor-element elementor-element-a350e4b elementor-widget elementor-widget-elementskit-flip-box\" data-id=\"a350e4b\" data-element_type=\"widget\" data-e-type=\"widget\" data-widget_type=\"elementskit-flip-box.default\">\n\t\t\t\t<div class=\"elementor-widget-container\">\n\t\t\t\t\t<div class=\"ekit-wid-con\" >        <div class=\"ekit-flip-box transform_style left_to_right\">\n            <div class=\"ekit-flip-box-inner\">\n                <div class=\"ekit-flip-box-front\">\n                    <div class=\"ekit-flip-box-inner-wrap\">\n                                                    <div class=\"ekit-flip-box-top-image\"> \n                                <img decoding=\"async\" src=\"https:\/\/innoconstruct.ro\/wp-content\/uploads\/2026\/04\/Artboard-1-copy-3-600x600.png\" title=\"Artboard 1 copy 3\" alt=\"Artboard 1 copy 3\" loading=\"lazy\" \/>                            <\/div>\n                                                    <h4 class=\"ekit-flip-box-front-title\">Cristian Erba\u0219u<\/h4>                                                    <h5 class=\"ekit-flip-box-front-sub-title\">Pre\u0219edinte FPSC&amp; CAIR<\/h5>\n                                            <\/div>\n                <\/div>\n                <div class=\"ekit-flip-box-back\">\n                    <div class=\"ekit-flip-box-inner-wrap wrap-back\">\n                        <div class=\"ekit-flip-box-back-wrap\">\n                                                            <h4 class=\"ekit-flip-box-back-title\">Cristian Erba\u0219u<\/h4>                                                            <p class=\"ekit-flip-box-back-description\">Cristian Erba\u0219u este unul dintre cei mai importan\u021bi antreprenori din domeniul construc\u021biilor din Rom\u00e2nia, conduc\u00e2nd compania Construc\u021bii Erba\u0219u. Este cunoscut pentru dezvoltarea unor proiecte majore de infrastructur\u0103 \u0219i cl\u0103diri, contribuind semnificativ la evolu\u021bia sectorului construc\u021biilor.<\/p>\n                                                    <\/div>\n                    <\/div>\n                <\/div>\n            <\/div>\n        <\/div>\n        <\/div>\t\t\t\t<\/div>\n\t\t\t\t<\/div>\n\t\t\t\t<\/div>\n\t\t\t\t\t<\/div>\n\t\t\t\t<\/div>\n\t\t\t\t<\/div>","protected":false},"excerpt":{"rendered":"<p>BREAKING WALLS Conferin\u021ba interna\u021bional\u0103 despre inovarea \u00een construc\u021bii Panel 1 | 10.00-11.00 | Collaboration &amp; Innovation Ecosystems Cseke Attila Ministru MDLPA Cseke Attila Cseke Attila este un politician rom\u00e2n cu experien\u021b\u0103 \u00een administra\u021bia public\u0103 central\u0103, ocup\u00e2nd func\u021bia de ministru al dezvolt\u0103rii. Este recunoscut pentru implicarea \u00een proiecte de infrastructur\u0103 \u0219i politici publice orientate spre dezvoltarea [&hellip;]<\/p>\n","protected":false},"author":5,"featured_media":0,"parent":0,"menu_order":0,"comment_status":"closed","ping_status":"closed","template":"","meta":{"content-type":"","_price":"","_stock":"","_tribe_ticket_header":"","_tribe_default_ticket_provider":"","_tribe_ticket_capacity":"0","_ticket_start_date":"","_ticket_end_date":"","_tribe_ticket_show_description":"","_tribe_ticket_show_not_going":false,"_tribe_ticket_use_global_stock":"","_tribe_ticket_global_stock_level":"","_global_stock_mode":"","_global_stock_cap":"","_tribe_rsvp_for_event":"","_tribe_ticket_going_count":"","_tribe_ticket_not_going_count":"","_tribe_tickets_list":"[]","_tribe_ticket_has_attendee_info_fields":false,"footnotes":"","_tec_slr_enabled":"","_tec_slr_layout":""},"class_list":["post-12601","page","type-page","status-publish","hentry"],"ticketed":false,"_links":{"self":[{"href":"https:\/\/innoconstruct.ro\/en\/wp-json\/wp\/v2\/pages\/12601","targetHints":{"allow":["GET"]}}],"collection":[{"href":"https:\/\/innoconstruct.ro\/en\/wp-json\/wp\/v2\/pages"}],"about":[{"href":"https:\/\/innoconstruct.ro\/en\/wp-json\/wp\/v2\/types\/page"}],"author":[{"embeddable":true,"href":"https:\/\/innoconstruct.ro\/en\/wp-json\/wp\/v2\/users\/5"}],"replies":[{"embeddable":true,"href":"https:\/\/innoconstruct.ro\/en\/wp-json\/wp\/v2\/comments?post=12601"}],"version-history":[{"count":212,"href":"https:\/\/innoconstruct.ro\/en\/wp-json\/wp\/v2\/pages\/12601\/revisions"}],"predecessor-version":[{"id":12848,"href":"https:\/\/innoconstruct.ro\/en\/wp-json\/wp\/v2\/pages\/12601\/revisions\/12848"}],"wp:attachment":[{"href":"https:\/\/innoconstruct.ro\/en\/wp-json\/wp\/v2\/media?parent=12601"}],"curies":[{"name":"wp","href":"https:\/\/api.w.org\/{rel}","templated":true}]}}