{"id":9782,"date":"2025-02-12T05:55:10","date_gmt":"2025-02-12T05:55:10","guid":{"rendered":"https:\/\/innoconstruct.ro\/?page_id=9782"},"modified":"2026-04-07T11:21:52","modified_gmt":"2026-04-07T11:21:52","slug":"agenda-8-mai","status":"publish","type":"page","link":"https:\/\/innoconstruct.ro\/en\/agenda-8-mai\/","title":{"rendered":"Agenda 8 mai"},"content":{"rendered":"<div data-elementor-type=\"wp-page\" data-elementor-id=\"9782\" class=\"elementor elementor-9782\" data-elementor-post-type=\"page\">\n\t\t\t\t<div class=\"elementor-element elementor-element-b56fa35 e-con-full e-flex e-con e-parent\" data-id=\"b56fa35\" data-element_type=\"container\" data-e-type=\"container\">\n\t\t\t\t<div class=\"elementor-element elementor-element-197df4f elementor-widget elementor-widget-html\" data-id=\"197df4f\" data-element_type=\"widget\" data-e-type=\"widget\" data-widget_type=\"html.default\">\n\t\t\t\t<div class=\"elementor-widget-container\">\n\t\t\t\t\t<!DOCTYPE html>\r\n<html lang=\"ro\">\r\n<head>\r\n  <meta charset=\"UTF-8\">\r\n  <meta name=\"viewport\" content=\"width=device-width, initial-scale=1.0\">\r\n  <title>Agenda Eveniment<\/title>\r\n  <style>\r\n    body {\r\n      font-family: Arial, sans-serif;\r\n      background-color: #f4f4f9;\r\n      margin: 0;\r\n      padding: 0;\r\n      scroll-behavior: smooth;\r\n    }\r\n\r\n    .container {\r\n      width: 90%;\r\n      margin: 50px auto;\r\n    }\r\n\r\n    .event-row {\r\n      display: flex;\r\n      flex-wrap: wrap;\r\n      margin-bottom: 30px;\r\n      padding: 20px;\r\n      background-color: white;\r\n      border-radius: 8px;\r\n      box-shadow: 0 4px 8px rgba(0, 0, 0, 0.1);\r\n    }\r\n\r\n    .time-column {\r\n      flex: 1 1 20%;\r\n      font-weight: bold;\r\n      font-size: 18px;\r\n      text-align: center;\r\n    }\r\n\r\n    .details-column {\r\n      flex: 1 1 80%;\r\n    }\r\n\r\n    .panel-title {\r\n      font-size: 20px;\r\n      color: #333;\r\n      margin-bottom: 15px;\r\n      font-weight: bold;\r\n    }\r\n\r\n.speaker {\r\n  display: flex;\r\n  align-items: center;\r\n  margin-bottom: 10px;\r\n  font-size: 15px;\r\n}\r\n\r\n .speaker img {\r\n  width: 40px;\r\n  height: 40px;\r\n  object-fit: cover;\r\n  border-radius: 50%;\r\n  margin-right: 10px;\r\n}\r\n\r\n.speaker .speaker-info {\r\n  display: flex;\r\n  flex-direction: column;\r\n  justify-content: center;\r\n}\r\n.event-row.parallel-events {\r\n  display: flex;\r\n  justify-content: space-between;\r\n  margin-bottom: 20px;\r\n  background-color: #e3f2fd;\r\n  padding: 20px;\r\n  border-radius: 8px;\r\n}\r\n\r\n.event-row.parallel-events .time-column {\r\n  flex: 0 1 20%;\r\n  text-align: center;\r\n  font-weight: bold;\r\n}\r\n\r\n.event-row.parallel-events .details-column {\r\n  flex: 1 1 48%;  \/* Ajust\u0103m l\u0103\u021bimea coloanelor pentru a le face egale *\/\r\n  padding: 10px;\r\n  background-color: #bbdefb;\r\n  border-radius: 8px;\r\n  box-sizing: border-box; \/* Asigur\u0103-te c\u0103 padding-ul nu afecteaz\u0103 l\u0103\u021bimea total\u0103 *\/\r\n}\r\n\r\n.event-row.parallel-events .panel-title {\r\n  font-size: 18px;\r\n  color: #333;\r\n  margin-bottom: 10px;\r\n  font-weight: bold;\r\n}\r\n.event-row,\r\n.event-row.parallel-events .details-column {\r\n  transition: transform 0.3s ease, box-shadow 0.3s ease;\r\n}\r\n\r\n\/* Hover: panouri normale *\/\r\n.event-row:hover {\r\n  transform: translateY(-5px);\r\n  box-shadow: 0 8px 20px rgba(0, 0, 0, 0.15);\r\n}\r\n\r\n\/* Hover: panouri din evenimente paralele *\/\r\n.event-row.parallel-events .details-column:hover {\r\n  transform: translateY(-5px);\r\n  box-shadow: 0 8px 20px rgba(0, 0, 0, 0.15);\r\n}\r\n    @media screen and (max-width: 768px) {\r\n      .time-column,\r\n      .details-column {\r\n        flex: 1 1 100%;\r\n        text-align: left;\r\n        margin-bottom: 10px;\r\n      }\r\n\r\n      .panel-title {\r\n        font-size: 18px;\r\n      }\r\n      .speaker img {\r\n  width: 40px !important;\r\n  height: 40px !important;\r\n  flex-shrink: 0;\r\n}\r\n    }\r\n  <\/style>\r\n<\/head>\r\n<body>\r\n\r\n  <div class=\"container\">\r\n    \r\n    <div class=\"event-row\" id=\"agenda-0900\">\r\n      <div class=\"time-column\">09:00-10:00<\/div>\r\n      <div class=\"details-column\">\r\n        <div class=\"panel-title\">\u2615 Welcome Coffee<\/div>\r\n      <\/div>\r\n    <\/div>\r\n\r\n    <div class=\"event-row\" id=\"agenda-0930\">\r\n      <div class=\"time-column\">10:00-10:30<\/div>\r\n      <div class=\"details-column\">\r\n        <div class=\"panel-title\">Deschiderea oficial\u0103 a conferin\u021bei<\/div>\r\n        <div class=\"speaker\">\r\n  <img decoding=\"async\" src=\"https:\/\/innoconstruct.ro\/wp-content\/uploads\/2025\/04\/cseke-attila-Ministrul-MDLPA.jpg\" alt=\"Attila Cseke\">\r\n  <div class=\"speaker-info\">\r\n    <strong>Attila Cseke<\/strong> - Ministru,  Ministerul Dezvolt\u0103rii, Lucr\u0103rilor Publice \u0219i Administra\u021biei  <br>\r\n  <\/div>\r\n<\/div>\r\n <div class=\"speaker\">\r\n  <img decoding=\"async\" src=\"https:\/\/innoconstruct.ro\/wp-content\/uploads\/2025\/04\/bogdan-ivan.jpg\" alt=\"Bogdan-Gruia Ivan\">\r\n  <div class=\"speaker-info\">\r\n    <strong>Bogdan-Gruia Ivan<\/strong> - Ministru, Ministerul Economiei, Digitaliz\u0103rii, Antreprenoriatului \u0219i Turismului <br>\r\n  <\/div>\r\n<\/div> <div class=\"speaker\">\r\n  <img decoding=\"async\" src=\"https:\/\/innoconstruct.ro\/wp-content\/uploads\/2025\/01\/Cristian-Erbasu-1-1.webp\" alt=\"Cristian Erba\u0219u\">\r\n  <div class=\"speaker-info\">\r\n    <strong>Cristian Erba\u0219u<\/strong> - Pre\u0219edinte FPSC & Cluster TEC  <br>\r\n  <\/div>\r\n<\/div> <div class=\"speaker\">\r\n  <img decoding=\"async\" src=\"https:\/\/innoconstruct.ro\/wp-content\/uploads\/2025\/01\/radu-vacareanu.webp\" alt=\"Radu V\u0103c\u0103reanu\">\r\n  <div class=\"speaker-info\">\r\n    <strong>Radu V\u0103c\u0103reanu<\/strong> -  Rector UTCB  <br>\r\n  <\/div>\r\n<\/div> <div class=\"speaker\">\r\n  <img decoding=\"async\" src=\"https:\/\/innoconstruct.ro\/wp-content\/uploads\/2025\/02\/r-5.jpg\" alt=\"Rodica Lupu\">\r\n  <div class=\"speaker-info\">\r\n    <strong>Rodica Lupu<\/strong> - Director Cluster TEC <br>\r\n  <\/div>\r\n<\/div>\r\n      <\/div>\r\n    <\/div>\r\n\r\n    <div class=\"event-row\" id=\"agenda-1000\">\r\n      <div class=\"time-column\">10:30-12:00<\/div>\r\n      <div class=\"details-column\">\r\n        <div class=\"panel-title\">Panel 1 - Politici publice pentru digitalizarea industriei construc\u021biilor: de la strategii la implementare<\/div>\r\n          <div class=\"speaker\">\r\n  <img decoding=\"async\" src=\"https:\/\/innoconstruct.ro\/wp-content\/uploads\/2025\/02\/MARZIA-BOLPAGNI.jpg\" alt=\"Marzia Bolpagni\">\r\n  <div class=\"speaker-info\">\r\n    <strong>Marzia Bolpagni<\/strong> - Director BIM Interna\u021bional - Director Asociat la Mace <br>\r\n    <em>Politici publice pentru digitalizarea industriei construc\u021biilor \u00een Regatul Unit \u0219i Italia <\/em>\r\n  <\/div>\r\n<\/div>\r\n <div class=\"speaker\">\r\n  <img decoding=\"async\" src=\"https:\/\/innoconstruct.ro\/wp-content\/uploads\/2025\/03\/anca-ginavar.jpg\" alt=\"Anca Ginavar\">\r\n  <div class=\"speaker-info\">\r\n    <strong>Anca Ginavar<\/strong> - Director General, Directia Generala Dezvoltare Teritoriala - MDLPA\r\n <br>\r\n    <em> <\/em>\r\n  <\/div>\r\n<\/div>\r\n <div class=\"speaker\">\r\n  <img decoding=\"async\" src=\"https:\/\/innoconstruct.ro\/wp-content\/uploads\/2025\/05\/Orsolya-Kover.png\" alt=\"Anca Ginavar\">\r\n  <div class=\"speaker-info\">\r\n    <strong>Orsolya Kover<\/strong> - Secretar de Stat, MDLPA\r\n <br>\r\n    <em> <\/em>\r\n  <\/div>\r\n<\/div><div class=\"speaker\">\r\n  <img decoding=\"async\" src=\"https:\/\/innoconstruct.ro\/wp-content\/uploads\/2025\/05\/10303a33-849b-4bfc-8c44-21e6e09a9dc3.jpg\" alt=\"Anca Ginavar\">\r\n  <div class=\"speaker-info\">\r\n    <strong>Adrian Florea<\/strong> - Director Executiv Concelex\r\n <br>\r\n    <em>Digitalizarea industriei construc\u021biilor: ce ne lipse\u0219te pentru accelerare? <\/em>\r\n  <\/div>\r\n<\/div>\r\n<div class=\"speaker\">\r\n  <img decoding=\"async\" src=\"https:\/\/innoconstruct.ro\/wp-content\/uploads\/2025\/03\/Jan.jpg\" alt=\"Jan Karlsh\u00f8j\">\r\n  <div class=\"speaker-info\">\r\n    <strong>Jan Karlsh\u00f8j<\/strong> - Profesor asociat, Departamentul de Inginerie Civil\u0103 \u0219i Mecanic\u0103, Tehnologii Digitale pentru Construc\u021bii <br>\r\n    <em>Mandatul BIM din Danemarca: Am uitat, oare, s\u0103 explic\u0103m CE \u0218I DE CE se cere?<\/em>\r\n  <\/div>\r\n<\/div><div class=\"speaker\">\r\n  <img decoding=\"async\" src=\"https:\/\/innoconstruct.ro\/wp-content\/uploads\/2025\/03\/Claudiu-Salanta-e1741928136213.jpg\" alt=\"Claudiu Salan\u021b\u0103\">\r\n  <div class=\"speaker-info\">\r\n    <strong>Claudiu Salan\u021b\u0103<\/strong>- Arhitect \u0218ef Consiliul Jude\u021bean Cluj <br>\r\n    <em> <\/em>\r\n  <\/div> <\/div>\r\n  <div class=\"speaker\">\r\n  <img decoding=\"async\" src=\"\" alt=\"Daniela Bejinariu\">\r\n  <div class=\"speaker-info\">\r\n    <strong>Daniela Bejinariu<\/strong>- Director General DGEDACMISP <br>\r\n    <em> <\/em>\r\n  <\/div> <\/div>\r\n      <\/div>\r\n    <\/div>\r\n\r\n    <div class=\"event-row\" id=\"agenda-1130\">\r\n      <div class=\"time-column\">12:00-12:15<\/div>\r\n      <div class=\"details-column\">\r\n        <div class=\"panel-title\">\u2615 Coffee Break<\/div>\r\n      <\/div>\r\n    <\/div>\r\n\r\n    <div class=\"event-row\" id=\"agenda-1200\">\r\n      <div class=\"time-column\">12:15-13:45<\/div>\r\n      <div class=\"details-column\">\r\n        <div class=\"panel-title\">Panel 2 - How 2-win BIM implementation: pove\u0219ti de succes & lec\u021bii \u00eenv\u0103\u021bate<\/div>\r\n                <div class=\"speaker\">\r\n  <img decoding=\"async\" src=\"https:\/\/innoconstruct.ro\/wp-content\/uploads\/2025\/04\/catalin-homeag.jpeg\" alt=\"C\u0103t\u0103lin Homeag\">\r\n  <div class=\"speaker-info\">\r\n    <strong>C\u0103t\u0103lin Homeag <\/strong> - Director Tehnic, Terragaz Construct <br>\r\n    <em>Principii de lucru in Asocierile Antreprenoriale pentru proiectele investitionale, utilizand instrumentele BIM<\/em>\r\n  <\/div>\r\n<\/div> \r\n\r\n\r\n<div class=\"speaker\">\r\n  <img decoding=\"async\" src=\"https:\/\/innoconstruct.ro\/wp-content\/uploads\/2025\/03\/Alex-Micallef-VP-Sales-EMEA-@-GRAITEC-e1741931460865.jpg\" alt=\"Alex Micallef\">\r\n  <div class=\"speaker-info\">\r\n    <strong>Alex Micallef<\/strong> - Vicepre\u0219edinte Departamentul de  V\u00e2nz\u0103ri EMEA, GRAITEC <br>\r\n    <em>BIM - de la provocare la succes <\/em>\r\n  <\/div>\r\n<\/div>\r\n<div class=\"speaker\">\r\n  <img decoding=\"async\" src=\"https:\/\/innoconstruct.ro\/wp-content\/uploads\/2025\/04\/sorin-lulciuc.jpg\" alt=\"Sorin Lulciuc\">\r\n  <div class=\"speaker-info\">\r\n    <strong>Sorin Lulciuc<\/strong> - Project Manager CDS <br>\r\n    <em>Rolul BIM in gestionarea proiectelor complexe <\/em>\r\n  <\/div>\r\n<\/div>\r\n<div class=\"speaker\">\r\n  <img decoding=\"async\" src=\"https:\/\/innoconstruct.ro\/wp-content\/uploads\/2025\/05\/Adrian-ONCIUL.png\" alt=\"Adrian Onciul\">\r\n  <div class=\"speaker-info\">\r\n    <strong>Adrian Onciul<\/strong> - Director Creado Concept <br>\r\n    <em>De la Proiect la realitate: Integrarea OpenBIM in Managementul Executiei <\/em>\r\n  <\/div>\r\n<\/div>\r\n\r\n<div class=\"speaker\">\r\n  <img decoding=\"async\" src=\"https:\/\/innoconstruct.ro\/wp-content\/uploads\/2025\/03\/JOHANNES-RIS.jpg\" alt=\" Johannes Ris\">\r\n  <div class=\"Johannes Ris\">\r\n    <strong>Johannes Ris<\/strong> <br>- Manager de Proiect \u00een Proiectare \u0219i Construc\u021bii Virtuale <br>\r\n    <em>Implementarea BIM \u0219i VDC \u00een Execu\u021bia Lucr\u0103rilor\r\n\r\nVDC in Construction Execution \u2192 VDC \u00een Execu\u021bia Construc\u021biilor<\/em>\r\n  <\/div>\r\n<\/div>\r\n<div class=\"speaker\">\r\n  <img decoding=\"async\" src=\"https:\/\/innoconstruct.ro\/wp-content\/uploads\/2025\/03\/Robert-Podaru.jpg\" alt=\"Robert Podaru\">\r\n  <div class=\"speaker-info\">\r\n    <strong>Robert Podaru<\/strong> - CEO Leviatan Group <br>\r\n    <em>SiteCheck AI - Verific\u0103ri \u0219i Control de Calitate <\/em>\r\n  <\/div> <\/div><\/div>\r\n \r\n    <\/div>\r\n\r\n    <div class=\"event-row\" id=\"agenda-1330\">\r\n      <div class=\"time-column\">13:45-14:45<\/div>\r\n      <div class=\"details-column\">\r\n        <div class=\"panel-title\">\ud83c\udf7d\ufe0f Pauza de pr\u00e2nz<\/div>\r\n      <\/div>\r\n    <\/div>\r\n\r\n    <div class=\"event-row\" id=\"agenda-1430\">\r\n      <div class=\"time-column\">14:45-16:15<\/div>\r\n      <div class=\"details-column\">\r\n        <div class=\"panel-title\">Panel 3 - Advanced & smart technologies: AI, AR & VR, GIS, scanare \u0219i robo\u021bi<\/div>\r\n               <div class=\"speaker\">\r\n  <img decoding=\"async\" src=\"https:\/\/innoconstruct.ro\/wp-content\/uploads\/2025\/03\/poza-cata-lungu.jpg\" alt=\"Catalin Lungu\">\r\n  <div class=\"speaker-info\">\r\n    <strong>Catalin Lungu<\/strong> - Presedinte OAER & Vicepresedinte AIIR <br>\r\n    <em>Evaluarea avansat\u0103 a performan\u021bei energetice pentru un stil de via\u021b\u0103 inteligent \u00een cl\u0103diri \u0219i la nivel de cartier (SmartLivingEPC) <\/em>\r\n  <\/div>\r\n<\/div>\r\n       <div class=\"speaker\">\r\n  <img decoding=\"async\" src=\"https:\/\/innoconstruct.ro\/wp-content\/uploads\/2025\/03\/Aurel-Meirosu.png\" alt=\"Aurel Meiro\u0219u\">\r\n  <div class=\"speaker-info\">\r\n    <strong>Aurel Meiro\u0219u<\/strong> - Manager Departamentul de Business Development, certSign <br>\r\n    <em>Semnatura electronica calificata: reglement\u0103ri si modele de buna practica din sectorul construc\u021biilor <\/em>\r\n  <\/div>\r\n<\/div>\r\n       <div class=\"speaker\">\r\n  <img decoding=\"async\" src=\"https:\/\/innoconstruct.ro\/wp-content\/uploads\/2025\/03\/daniel-ungureanu-adrian.jpeg\" alt=\"Daniel Ungureanu\">\r\n  <div class=\"speaker-info\">\r\n    <strong>Daniel Ungureanu & Adrian Trifan<\/strong> - Managing partner Xplorate Group <br>\r\n    <em>Construc\u021biile digitale: de la date la realitate virtual\u0103<\/em>\r\n  <\/div>\r\n<\/div>\r\n<div class=\"speaker\">\r\n  <img decoding=\"async\" src=\"https:\/\/innoconstruct.ro\/wp-content\/uploads\/2025\/03\/poza-maria-vasi.jpg\" alt=\"Robert Podaru\">\r\n  <div class=\"speaker-info\">\r\n    <strong>Maria V\u0103si<\/strong> - \u0218ef al Biroului de Inginerie Structural\u0103 \u0219i Manager de Implementare\r\nBIM la Leviatan Design <br>\r\n    <em>TwinBot: Robot bazat pe AI pentru Digital Twin<\/em>\r\n  <\/div> <\/div>\r\n<div class=\"speaker\">\r\n  <img decoding=\"async\" src=\"https:\/\/innoconstruct.ro\/wp-content\/uploads\/2025\/03\/Martha-Tsigkari-e1741927959478.jpg\" alt=\"Martha Tsigkari\">\r\n  <div class=\"speaker-info\">\r\n    <strong>Martha Tsigkari<\/strong> - Senior Partner,  Manager al Cercet\u0103rii Aplicate \u0219i Dezvolt\u0103rii la Foster + Partners <br>\r\n    <em>Dincolo de BIM: tehnologii din afara domeniului AEC care vor modela industria noastr\u0103 \u00een viitor<\/em>\r\n  <\/div>\r\n<\/div>\r\n       \r\n      <\/div>\r\n    <\/div>\r\n\r\n    <div class=\"event-row\" id=\"agenda-1630\">\r\n      <div class=\"time-column\">16:15-16:45<\/div>\r\n      <div class=\"details-column\">\r\n        <div class=\"panel-title\">\u2615 Coffee Break<\/div>\r\n      <\/div>\r\n    <\/div>\r\n     <div class=\"event-row\" id=\"agenda-1630\">\r\n      <div class=\"time-column\">16:45-18:00<\/div>\r\n      <div class=\"details-column\">\r\n        <div class=\"panel-title\">Workshop GRAITEC ROM\u00c2NIA - BIM : Fundamente, instrumente \u0219i colaborare digital\u0103 \u00een construc\u021bii\r\n<\/div><\/div><\/div>\r\n      <\/div>\r\n  \r\n\r\n<\/body>\r\n<\/html>\t\t\t\t<\/div>\n\t\t\t\t<\/div>\n\t\t\t\t<\/div>\n\t\t\t\t<\/div>","protected":false},"excerpt":{"rendered":"<p>Agenda Eveniment 09:00-10:00 \u2615 Welcome Coffee 10:00-10:30 Deschiderea oficial\u0103 a conferin\u021bei Attila Cseke &#8211; Ministru, Ministerul Dezvolt\u0103rii, Lucr\u0103rilor Publice \u0219i Administra\u021biei Bogdan-Gruia Ivan &#8211; Ministru, Ministerul Economiei, Digitaliz\u0103rii, Antreprenoriatului \u0219i Turismului Cristian Erba\u0219u &#8211; Pre\u0219edinte FPSC &#038; Cluster TEC Radu V\u0103c\u0103reanu &#8211; Rector UTCB Rodica Lupu &#8211; Director Cluster TEC 10:30-12:00 Panel 1 &#8211; Politici [&hellip;]<\/p>\n","protected":false},"author":5,"featured_media":0,"parent":0,"menu_order":0,"comment_status":"closed","ping_status":"closed","template":"","meta":{"content-type":"","_price":"","_stock":"","_tribe_ticket_header":"","_tribe_default_ticket_provider":"","_tribe_ticket_capacity":"0","_ticket_start_date":"","_ticket_end_date":"","_tribe_ticket_show_description":"","_tribe_ticket_show_not_going":false,"_tribe_ticket_use_global_stock":"","_tribe_ticket_global_stock_level":"","_global_stock_mode":"","_global_stock_cap":"","_tribe_rsvp_for_event":"","_tribe_ticket_going_count":"","_tribe_ticket_not_going_count":"","_tribe_tickets_list":"[]","_tribe_ticket_has_attendee_info_fields":false,"footnotes":"","_tec_slr_enabled":"","_tec_slr_layout":""},"class_list":["post-9782","page","type-page","status-publish","hentry"],"ticketed":false,"_links":{"self":[{"href":"https:\/\/innoconstruct.ro\/en\/wp-json\/wp\/v2\/pages\/9782","targetHints":{"allow":["GET"]}}],"collection":[{"href":"https:\/\/innoconstruct.ro\/en\/wp-json\/wp\/v2\/pages"}],"about":[{"href":"https:\/\/innoconstruct.ro\/en\/wp-json\/wp\/v2\/types\/page"}],"author":[{"embeddable":true,"href":"https:\/\/innoconstruct.ro\/en\/wp-json\/wp\/v2\/users\/5"}],"replies":[{"embeddable":true,"href":"https:\/\/innoconstruct.ro\/en\/wp-json\/wp\/v2\/comments?post=9782"}],"version-history":[{"count":326,"href":"https:\/\/innoconstruct.ro\/en\/wp-json\/wp\/v2\/pages\/9782\/revisions"}],"predecessor-version":[{"id":11567,"href":"https:\/\/innoconstruct.ro\/en\/wp-json\/wp\/v2\/pages\/9782\/revisions\/11567"}],"wp:attachment":[{"href":"https:\/\/innoconstruct.ro\/en\/wp-json\/wp\/v2\/media?parent=9782"}],"curies":[{"name":"wp","href":"https:\/\/api.w.org\/{rel}","templated":true}]}}